{"id":724,"date":"2018-03-14T12:59:45","date_gmt":"2018-03-14T16:59:45","guid":{"rendered":"http:\/\/www2.uregina.ca\/president\/art\/?page_id=724"},"modified":"2021-04-30T10:29:56","modified_gmt":"2021-04-30T14:29:56","slug":"indigenous-art","status":"publish","type":"page","link":"https:\/\/www2.uregina.ca\/president\/art\/indigenous-art\/","title":{"rendered":"Indigenous Art"},"content":{"rendered":"<div id=\"attachment_741\" style=\"width: 1010px\" class=\"wp-caption aligncenter\"><img loading=\"lazy\" decoding=\"async\" aria-describedby=\"caption-attachment-741\" class=\"size-full wp-image-741\" src=\"https:\/\/www2.uregina.ca\/president\/art\/wp-content\/uploads\/2018\/03\/web-17-155-031-e1521058670874.jpg\" alt=\"\" width=\"1000\" height=\"547\" srcset=\"https:\/\/www2.uregina.ca\/president\/art\/wp-content\/uploads\/2018\/03\/web-17-155-031-e1521058670874.jpg 1000w, https:\/\/www2.uregina.ca\/president\/art\/wp-content\/uploads\/2018\/03\/web-17-155-031-e1521058670874-300x164.jpg 300w, https:\/\/www2.uregina.ca\/president\/art\/wp-content\/uploads\/2018\/03\/web-17-155-031-e1521058670874-768x420.jpg 768w\" sizes=\"auto, (max-width: 1000px) 100vw, 1000px\" \/><p id=\"caption-attachment-741\" class=\"wp-caption-text\">View of artwork by Keith Bird and Bernice Runns in the Dr. Archer Library. Photograph by the University of Regina.<\/p><\/div>\n<h4><\/h4>\n<h4><\/h4>\n<h4>The University of Regina is located on Treaty 4 lands, with a presence in Treaty 6. These are the territories of the n\u00eahiyawak (Cree), Anih\u0161in\u0101p\u0113k (Saulteaux), Dakota, Lakota, and Nakoda, and the homeland of the M\u00e9tis\/Michif Nation.<\/h4>\n<h4>Within the President&#8217;s Art Collection&#8217;s holdings are a significant collection of Indigenous artworks from across Turtle Island\/ Canada, including work by Anih\u0161in\u0101p\u0113k, Anishinaabe, Haida, Inuit, Kwakwaka&#8217;wakw, Lakota, M\u00e9tis, n\u00eahiyawak and Ojibwa artists, and more.<\/h4>\n<p>Acquired in 1971, <strong>Paulassie Pootoogook<\/strong>&#8216;s (1927-2006) monumental\u00a0<a href=\"https:\/\/www2.uregina.ca\/president\/art\/classroom\/paulassie-pootoogook\/\"><em>Legendary Figure of Taliilajuuq<\/em>\u00a0(c. 1971)<\/a> was the first, and until 2017, only Inuit artwork in the President&#8217;s Art Collection. Starting in 2017, Drs. Morris (1917-2004) and Jacqui Shumiatcher (b. 1923) generously donated a number of Inuit artworks (known as the <a href=\"https:\/\/www2.uregina.ca\/president\/art\/the-shumiatcher-collection\/\">Shumiatcher Donation<\/a>).\u00a0<strong>Kananginak Pootoogook<\/strong>&#8216;s (1935-2010) print,\u00a0<em>Qinnuajuaq (Hawk)<\/em> (37\/50) (1976) was included in this gift. Brothers who came to live and make art in Cape Dorset (Kinngait), Paulassie and Kananginak&#8217;s work can both be viewed on the first floor of the Classroom Building.<\/p>\n<p>The Shumiatchers&#8217; Inuit works on paper collection began with the purchase of two prints from the first exploratory print collection published in Kinngait (Cape Dorset, Nunavut) in 1958. Inuit printmaking as we know it began at this time with a collaboration between a small group of artists (of which <strong>Eegyvudluk Pootoogook<\/strong>, <strong>Lukta Qiatsuk<\/strong>, <strong>Iyola Kingwatsiak<\/strong> are represented in the collection) and Northern Service Officer, James Houston. It was through their efforts that the fledgling West Baffin Eskimo Co-operative was able to produce artwork steeped with the artist\u2019s dreams, memories, stories, animals, and poetry of life in the area. The works included in the Shumiatcher Donation continue the chronology of the early printmaking evolution, with key examples of work from the 1960 and 1961 annual Cape Dorset portfolios and include work by\u00a0<strong>Parr<\/strong>, <strong>Kiakshuk<\/strong> and <strong>Pudlo Pudlat <\/strong>and\u00a0<strong>Jessie Oonark,<\/strong> amongst many others.<\/p>\n<p>Inuit sculpture comprises the majority of the Inuit holdings at the University of Regina. Many communities across Northern Canada are represented, including work from Nunavut (Igoolik, Kangiqliniq, Pangnirtung, Sallit, Sanikluaq, Qamani&#8217;tuaq, Taloyoak), Nunavik, Quebec (Inukjuak, Kangiqsualujjuaq) and the Northwest Territories (Ulukhaktok). Inuit textiles, basketry, prints, metalwork and sculpture can be viewed on the 3rd floor of the College Avenue campus. More information on the University&#8217;s Inuit collection can be found <a href=\"https:\/\/www2.uregina.ca\/president\/art\/stonecuts-and-sealskins-inuit-works-on-paper-from-the-presidents-art-collection\/\">here<\/a>.<\/p>\n<p>During the same period <em>Legendary Figure of Taliilajuuq<\/em> was purchased, President&#8217;s Advisory Committee on Art committee member Nancy Dillow announced that Saskatchewan artists would &#8220;get first priority&#8221;. As a result,\u00a0three <em>Tah-hah-sheena<\/em> tapestries were commissioned from the Sioux Handcraft Co-operative by <strong><a href=\"https:\/\/www2.uregina.ca\/president\/art\/archer-library\/bernice-runns\/\">Bernice Runns<\/a><\/strong>, <strong><a href=\"https:\/\/www2.uregina.ca\/president\/art\/archer-library\/marjorie-yuzicapi\/\">Marjorie Yuzicappi<\/a><\/strong> and <strong><a href=\"https:\/\/www2.uregina.ca\/president\/art\/archer-library\/martha-tawijaka\/\">Martha Tawijaka<\/a><\/strong> which can still be viewed in the Dr. Archer Library. Located on Standing Buffalo Dakota Nation, the Co-operative began with twenty-three rug-hooking enthusiasts in 1968 in an effort to revive local traditional Sioux designs. Although the Co-operative was only active until 1972, the members were able to produce a number of rugs and were featured in an exhibition at the Dunlop Art Gallery, <em>Ta-Hah-Sheena Sioux Rugs from Standing Buffalo Reserve<\/em> in 1988.<\/p>\n<p>Also on display within the Dr. John Archer Library are several important contemporary artworks, including <strong>Keith Bird<\/strong>&#8216;s (b. 1955) monumental hide paintings, <a href=\"https:\/\/www2.uregina.ca\/president\/art\/archer-library\/keith-bird\/\"><em>The Clans<\/em> (2009)<\/a> and <a href=\"https:\/\/www2.uregina.ca\/president\/art\/archer-library\/keith-bird-spotted-thunderbird-healer\/\"><em>Spotted Thunderbird Healer<\/em> (2010)<\/a>. An accompanying work, <a href=\"https:\/\/www2.uregina.ca\/president\/art\/research-and-innovation-centre\/keith-bird-elk-whistle\/\">Elk Whistle<\/a> (2006), is displayed in the Aboriginal Student Centre in the Research and Innovation Centre. Bird&#8217;s works speak to the reclamation of traditional spiritual practices and teachings and are informed by his n\u00eahiyawak (Cree) and Anih\u0161in\u0101p\u0113k (Saulteaux) heritage.<\/p>\n<p>In 2019, the University of Regina introduced its Annual Acquisition of Indigenous Artwork. Intended for display on the newly-renovated College Avenue Campus, this acquisition seeks to support contemporary Indigenous artists, with priority given to work produced by former faculty, students, and extended community members. <em>Parallel Worlds, Intersecting Moments <\/em>(2012) consists of two wall-mounted, beaded Quick Response (QR) codes collaboratively created by n\u00eahiyawak artist <a href=\"https:\/\/www2.uregina.ca\/president\/art\/college-avenue-campus\/judy-anderson-rachelle-viader-knowles\/\"><strong>Judy Anderson<\/strong> <\/a>(Gordon First Nation, Treaty 4) and <strong><a href=\"https:\/\/www2.uregina.ca\/president\/art\/college-avenue-campus\/judy-anderson-rachelle-viader-knowles\/\">Rachelle Viader Knowles<\/a>.<\/strong> The artists were faculty members at First Nations University and the University of Regina respectively at the time the artwork was produced. Optically machine-readable, the QR codes are created using traditional beading techniques which, when scanned, direct viewers to a series of videos which feature Indigenous and non-Indigenous people from Saskatchewan speaking about their personal experiences with new technologies and communication. The artwork draws on Indigenous storytelling traditions and material culture to explore cross-cultural dialogues around the subject of technology.<\/p>\n<p>In 2020, <a href=\"https:\/\/www2.uregina.ca\/president\/art\/college-avenue-campus\/ruth-cuthand\/\">Ruth Cuthand<\/a>&#8216;s <em>Covid 19 Mask No. 6<\/em> (2020) joined the collection. Known for her intricately-beaded images of pathogens, Cuthand (Plains Cree\/ Scottish\/ Irish, b. 1954) critically examines the role diseases play in the colonial project and their devastating effects on Indigenous peoples. The result are works that embody beauty, sickness and death, and prompt reflection on the coronavirus pandemic and its impact through an Indigenous lens.<\/p>\n<p>North of the University and between Wascana Lake and the First Nations University of Canada campus is where the sculpture of n\u00eahiyawak artist <strong>Lionel Peyachew<\/strong> is located. <a href=\"https:\/\/www2.uregina.ca\/president\/art\/outdoor\/lionel-peyachew\/\"><em>The Four Directions<\/em> (2005)<\/a> explores the sacred number referenced in its title. Located on Treaty 4 land, Peyachew also references the universe&#8217;s four quadrants,\u00a0the four seasons, the four elements, the four kingdoms, the four medicines and the four parts of a person. Using the Medicine Wheel&#8217;s\u00a0four directions, Peyachew honours the elders&#8217; teachings and philosophies\u00a0and reflects on the importance of education as a tool to thrive, embodying both universities&#8217; philosophies of integrating traditional values with education.<\/p>\n<p>Like Peyachew, <strong>Allen Sapp<\/strong> (1928-2015) was raised on Red Pheasant Cree Nation, Treaty 6, Saskatchewan. <a href=\"https:\/\/www2.uregina.ca\/president\/art\/ad-hum\/allen-sapp\/\"><em>Horses Drinking<\/em>\u00a0(c. 1983) and\u00a0<em>Threshing in the Old Days <\/em>(date unknown)<\/a> are typical of the warm and evocative scenes of Sapp&#8217;s oeuvre, in which his memories of life on the reserve were his primary subject matter. <em>Horses Drinking<\/em>\u00a0was donated by the artist on the receipt of his honorary doctorate from the University of Regina in 1998. Sapp&#8217;s paintings can be viewed in the Administration Humanities Building on the first floor.<\/p>\n<p>Part of the Shumiatcher Donation and one of the highlights of the President&#8217;s Art Collection is <strong>Norval Morrisseau<\/strong>&#8216;s <a href=\"https:\/\/www2.uregina.ca\/president\/art\/research-and-innovation-centre\/norval-morrisseau\/\"><em>Graveyard Scavenger<\/em><\/a> (c. 1966). Morrisseau (Copper Thunderbird) (1931-2007) was born in Sand Point Reserve, Ontario. He was the founder of the Woodland School of Art and a prominent member of the Professional Native Indian Artists Inc. A Shaman, his paintings are often based on the symbolism and stories of the Anishinaabe First Nations of Northern Ontario. <em>Graveyard Scavenger<\/em>\u00a0features a powerful creature\u00a0 bearing hallmarks of Mishipashoo, a feline water spirit known to the Ojibwe Anishinaabe. Mishipashoo appeared to Morrisseau in a dream, and he returned to the subject throughout the sixties and seventies.\u00a0Although rooted in Anishinaabe traditions, his work innovatively used contemporary mediums\u2014namely acrylics\u2014 to depict them. In developing this singular style, his work gained instant critical praise from the very first exhibition of his paintings in 1962.<\/p>\n<p>Self-taught Anishinaabe artist <strong>Roy Thomas<\/strong> (1949-2004) grew up on the Longlac Reserve, Ontario. Influenced by the teachings of his grandparents and the ancient pictographs in Northwestern Ontario, he is known for his Ojibwa Woodland-style paintings, prints and etchings, and is one of many artists influenced by Norval Morrisseau. Thomas&#8217; work can be viewed in the Dr. William Riddell Centre on both the <a href=\"https:\/\/www2.uregina.ca\/president\/art\/riddell-centre\/roy-thomas-first-floor-ric\/ \u200e\">first<\/a> and <a href=\"https:\/\/www2.uregina.ca\/president\/art\/riddell-centre\/roy-thomas-second-floor-ric\/\">second<\/a> floors.<\/p>\n<p>Intermedia artist <strong>Lita Fontaine\u00a0<\/strong>(b. 1958) is a member of Long Plain First Nation, Treaty 1 Territory, Manitoba. Fontaine grew up with a deep understanding of Dakota and Anishinaabe cultures, which is evident in her art practice. <em><a href=\"https:\/\/www2.uregina.ca\/president\/art\/riddell-centre\/lita-fontaine\/\">Blood (Remnants of My Grandmothers)<\/a>\u00a0<\/em>(2000) was completed during her Master of Fine Arts graduate studies at the University of Regina, and can be viewed in the MAP hallway on the 2nd floor of the Dr. William Riddell Centre. This work is reminiscent of a star blanket and honours Fontaine&#8217;s grandmother. It exposes the government legislation that affected the artist and her family: Treaty 1, and Bill C-31. Due to the Indian Act\u2019s misogynist legislation, Fontaine lost her Indian status. It was through Bill C-31 that she regained status and some validation of her identity and ancestry. Her work is often political and aims to reflect an honest definition of identity.<\/p>\n<p>The University also holds several paintings by contemporary M\u00e9tis artist <strong>David Garneau<\/strong> (b. 1962), Garneau is an Associate Professor in Visual Arts in the faculty of Media, Art, and Performance, and explores\u00a0M\u00e9tis material culture in the context of contemporary art. He describes his intent to\u00a0<a href=\"http:\/\/uregina.ca\/~garneaud\/whatisay_4.html\">\u201c&#8230; explore the historical aspects of M\u00e9tis identity and culture; to examine the Riel cult and to see M\u00e9tis identity against the larger issues of Aboriginal, Settler and masculinity dynamics; and to explore the contemporary lived experience of M\u00e9tis identity.\u201d<\/a> His practice includes painting, drawing, performance, critical writing and curating. Garneau&#8217;s artworks are located in <a href=\"https:\/\/www2.uregina.ca\/president\/art\/language-institute-la-cite\/david-garneau-coeur-de-la-prairie\/\">La Cit<span class=\"st\">\u00e9<\/span><\/a><strong><span class=\"st\">\u00a0<\/span><\/strong>and the <a href=\"https:\/\/www2.uregina.ca\/president\/art\/riddell-centre\/david-garneau\/\">Dr. William Riddell Centre<\/a>.<\/p>\n<p>It is also through the Shumiatcher Donation that the University has acquired its first artworks from the Northwest Coast. Master carver and senior artist <strong>Henry Hunt<\/strong>&#8216;s (1923-1985) mask <a href=\"https:\/\/www2.uregina.ca\/president\/art\/in-the-vault\/henry-hunt\/\">Chatterbox and Killer Whale (c. 1964)<\/a> is carved in the Kwakwaka&#8217;wakw tradition. Hunt&#8217;s legacy and that of his mentor, Mungo Martin, remain highly significant in the dissemination of\u00a0Kwakwaka&#8217;wakw culture.<\/p>\n<p>*To view this artwork, please contact <a href=\"mailto:presidents.art.collection@uregina.ca\">presidents.art.collection@uregina.ca<\/a><\/p>\n","protected":false},"excerpt":{"rendered":"<p>The University of Regina is located on Treaty 4 lands, with a presence in Treaty 6. These are the territories of the n\u00eahiyawak (Cree), Anih\u0161in\u0101p\u0113k (Saulteaux), Dakota, Lakota, and Nakoda, and the homeland of the M\u00e9tis\/Michif Nation. Within the President&#8217;s Art Collection&#8217;s holdings are a significant collection of Indigenous artworks from across Turtle Island\/ Canada, including work by Anih\u0161in\u0101p\u0113k, Anishinaabe, Haida, Inuit, Kwakwaka&#8217;wakw, Lakota, M\u00e9tis, n\u00eahiyawak and Ojibwa artists, and more. Acquired in 1971, Paulassie Pootoogook&#8216;s (1927-2006) monumental\u00a0Legendary Figure of Taliilajuuq\u00a0(c. 1971) was the first, and until 2017, only Inuit artwork in the President&#8217;s Art Collection. Starting in 2017, Drs&#8230;. <\/p>\n","protected":false},"author":1,"featured_media":0,"parent":0,"menu_order":0,"comment_status":"closed","ping_status":"closed","template":"","meta":{"footnotes":""},"categories":[5,21,14,4,6,10,19,7,12,28,15,18,16,11],"tags":[],"class_list":["post-724","page","type-page","status-publish","hentry","category-anishinaabe","category-beadwork","category-cree","category-dakota","category-indigenous","category-inuit","category-kwakwakawakw","category-metis","category-ojibwe","category-prairies","category-saulteaux","category-sculpture","category-sioux","category-woodland-school"],"_links":{"self":[{"href":"https:\/\/www2.uregina.ca\/president\/art\/wp-json\/wp\/v2\/pages\/724","targetHints":{"allow":["GET"]}}],"collection":[{"href":"https:\/\/www2.uregina.ca\/president\/art\/wp-json\/wp\/v2\/pages"}],"about":[{"href":"https:\/\/www2.uregina.ca\/president\/art\/wp-json\/wp\/v2\/types\/page"}],"author":[{"embeddable":true,"href":"https:\/\/www2.uregina.ca\/president\/art\/wp-json\/wp\/v2\/users\/1"}],"replies":[{"embeddable":true,"href":"https:\/\/www2.uregina.ca\/president\/art\/wp-json\/wp\/v2\/comments?post=724"}],"version-history":[{"count":39,"href":"https:\/\/www2.uregina.ca\/president\/art\/wp-json\/wp\/v2\/pages\/724\/revisions"}],"predecessor-version":[{"id":1994,"href":"https:\/\/www2.uregina.ca\/president\/art\/wp-json\/wp\/v2\/pages\/724\/revisions\/1994"}],"wp:attachment":[{"href":"https:\/\/www2.uregina.ca\/president\/art\/wp-json\/wp\/v2\/media?parent=724"}],"wp:term":[{"taxonomy":"category","embeddable":true,"href":"https:\/\/www2.uregina.ca\/president\/art\/wp-json\/wp\/v2\/categories?post=724"},{"taxonomy":"post_tag","embeddable":true,"href":"https:\/\/www2.uregina.ca\/president\/art\/wp-json\/wp\/v2\/tags?post=724"}],"curies":[{"name":"wp","href":"https:\/\/api.w.org\/{rel}","templated":true}]}}